{"id":3406,"date":"2019-08-16T18:40:16","date_gmt":"2019-08-16T16:40:16","guid":{"rendered":"http:\/\/serwer1956152.home.pl\/autoinstalator\/wordpressplugins\/?page_id=3406"},"modified":"2022-11-08T16:18:11","modified_gmt":"2022-11-08T15:18:11","slug":"dr-anna-werner-maliszewska","status":"publish","type":"page","link":"https:\/\/braincrafting.pl\/index.php\/zespol\/dr-anna-werner-maliszewska\/","title":{"rendered":"Dr Anna Werner-Maliszewska"},"content":{"rendered":"\n<div class=\"is-layout-flex wp-container-3 wp-block-columns has-2-columns\">\n<div class=\"is-layout-flow wp-block-column\">\n<p>Doktor psychologii.\u00a0Przewodnicz\u0105ca\u00a0Polskiego Towarzystwa Psychologii Pozytywnej.<\/p>\n\n\n\n<p>Trener biznesu.\u00a0Wspiera mened\u017cer\u00f3w\u00a0w rozwijaniu przyw\u00f3dztwa. Trener odporno\u015bci psychicznej MTQ48, trener wspierania rozwoju osobowo\u015bci MBTI Step I.<\/p>\n\n\n\n<p>Coach Grupowy i Coach Zespo\u0142\u00f3w\nBiznesowych.<\/p>\n\n\n\n<p>Posiada bogate do\u015bwiadczenie w prowadzeniu trening\u00f3w, szkole\u0144, zar\u00f3wno dla sektora prywatnego, jak i publicznego. W swojej pracy opiera si\u0119 na za\u0142o\u017ceniach psychologii pozytywnej i g\u0142\u00f3wnie specjalizuje si\u0119 w prowadzeniu trening\u00f3w odporno\u015bci psychicznej i gotowo\u015bci do wyzwa\u0144 z osobami, kt\u00f3re wykonuj\u0105 niebezpieczne zawody i pracuj\u0105 z nara\u017ceniem \u017cycia.<\/p>\n\n\n\n<p>Naukowo od zawsze zwi\u0105zana z psychologi\u0105 pozytywn\u0105, koncentruj\u0105c\u0105 si\u0119 na  badaniu, odkrywaniu i zwi\u0119kszaniu mo\u017cliwo\u015bci cz\u0142owieka, jego wydajno\u015bci  i poczucia szcz\u0119\u015bcia. <\/p>\n<\/div>\n\n\n\n<div class=\"is-layout-flow wp-block-column\"><div class=\"wp-block-image\">\n<figure class=\"aligncenter\"><img decoding=\"async\" loading=\"lazy\" width=\"300\" height=\"439\" src=\"http:\/\/serwer1956152.home.pl\/autoinstalator\/wordpressplugins\/wp-content\/uploads\/2019\/08\/Anna_Werner_Maliszewska_zdj_profilowe.jpg\" alt=\"Anna Werner Maliszewska\" class=\"wp-image-3625\" srcset=\"https:\/\/braincrafting.pl\/wp-content\/uploads\/2019\/08\/Anna_Werner_Maliszewska_zdj_profilowe.jpg 300w, https:\/\/braincrafting.pl\/wp-content\/uploads\/2019\/08\/Anna_Werner_Maliszewska_zdj_profilowe-205x300.jpg 205w, https:\/\/braincrafting.pl\/wp-content\/uploads\/2019\/08\/Anna_Werner_Maliszewska_zdj_profilowe-137x200.jpg 137w, https:\/\/braincrafting.pl\/wp-content\/uploads\/2019\/08\/Anna_Werner_Maliszewska_zdj_profilowe-150x220.jpg 150w\" sizes=\"(max-width: 300px) 100vw, 300px\" \/><figcaption class=\"wp-element-caption\"> fot. Mariusz Michalski<\/figcaption><\/figure><\/div>\n\n\n<p><em><strong>\u201eKoncentracja na badaniu, odkrywaniu i zwi\u0119kszaniu mo\u017cliwo\u015bci cz\u0142owieka\u201d<\/strong><\/em><\/p>\n<\/div>\n<\/div>\n\n\n\n<p>Wyk\u0142ada na Uniwersytecie Warszawskim, Uniwersytecie Humanistycznospo\u0142ecznym SWPS i&nbsp;Akademii Leona Ko\u017ami\u0144skiego.<\/p>\n\n\n<p><!--EndFragment--><\/p>\n\n\n<p class=\"has-text-align-center\"><a href=\"http:\/\/braincrafting.pl\/index.php\/zespol\/\">Wr\u00f3\u0107 <\/a><\/p>\n","protected":false},"excerpt":{"rendered":"<p>Doktor psychologii.\u00a0Przewodnicz\u0105ca\u00a0Polskiego Towarzystwa Psychologii Pozytywnej. Trener biznesu.\u00a0Wspiera mened\u017cer\u00f3w\u00a0w rozwijaniu przyw\u00f3dztwa. Trener odporno\u015bci psychicznej MTQ48, trener wspierania rozwoju osobowo\u015bci MBTI Step I. Coach Grupowy i Coach Zespo\u0142\u00f3w Biznesowych. Posiada bogate do\u015bwiadczenie w prowadzeniu trening\u00f3w, szkole\u0144, zar\u00f3wno dla sektora prywatnego, jak i publicznego. W swojej pracy opiera si\u0119 na za\u0142o\u017ceniach psychologii pozytywnej i g\u0142\u00f3wnie specjalizuje si\u0119 w &hellip; <a href=\"https:\/\/braincrafting.pl\/index.php\/zespol\/dr-anna-werner-maliszewska\/\" class=\"more-link\">Continue reading <span class=\"screen-reader-text\">Dr Anna Werner-Maliszewska<\/span><\/a><\/p>\n","protected":false},"author":1,"featured_media":3301,"parent":118,"menu_order":0,"comment_status":"closed","ping_status":"closed","template":"page-templates\/full-width-page.php","meta":[],"yoast_head":"<!-- This site is optimized with the Yoast SEO plugin v19.9 - https:\/\/yoast.com\/wordpress\/plugins\/seo\/ -->\n<title>Dr Anna Werner-Maliszewska | Braincrafting<\/title>\n<meta name=\"robots\" content=\"index, follow, max-snippet:-1, max-image-preview:large, max-video-preview:-1\" \/>\n<link rel=\"canonical\" href=\"https:\/\/braincrafting.pl\/index.php\/zespol\/dr-anna-werner-maliszewska\/\" \/>\n<meta property=\"og:locale\" content=\"pl_PL\" \/>\n<meta property=\"og:type\" content=\"article\" \/>\n<meta property=\"og:title\" content=\"Dr Anna Werner-Maliszewska | Braincrafting\" \/>\n<meta property=\"og:description\" content=\"Doktor psychologii.\u00a0Przewodnicz\u0105ca\u00a0Polskiego Towarzystwa Psychologii Pozytywnej. Trener biznesu.\u00a0Wspiera mened\u017cer\u00f3w\u00a0w rozwijaniu przyw\u00f3dztwa. Trener odporno\u015bci psychicznej MTQ48, trener wspierania rozwoju osobowo\u015bci MBTI Step I. Coach Grupowy i Coach Zespo\u0142\u00f3w Biznesowych. Posiada bogate do\u015bwiadczenie w prowadzeniu trening\u00f3w, szkole\u0144, zar\u00f3wno dla sektora prywatnego, jak i publicznego. W swojej pracy opiera si\u0119 na za\u0142o\u017ceniach psychologii pozytywnej i g\u0142\u00f3wnie specjalizuje si\u0119 w &hellip; Continue reading Dr Anna Werner-Maliszewska\" \/>\n<meta property=\"og:url\" content=\"https:\/\/braincrafting.pl\/index.php\/zespol\/dr-anna-werner-maliszewska\/\" \/>\n<meta property=\"og:site_name\" content=\"Braincrafting\" \/>\n<meta property=\"article:modified_time\" content=\"2022-11-08T15:18:11+00:00\" \/>\n<meta property=\"og:image\" content=\"https:\/\/braincrafting.pl\/wp-content\/uploads\/2019\/08\/bady-qb-VmYZe_yqxL0-unsplash-small-e1566810657139.jpg\" \/>\n\t<meta property=\"og:image:width\" content=\"1600\" \/>\n\t<meta property=\"og:image:height\" content=\"1129\" \/>\n\t<meta property=\"og:image:type\" content=\"image\/jpeg\" \/>\n<meta name=\"twitter:card\" content=\"summary_large_image\" \/>\n<meta name=\"twitter:label1\" content=\"Szacowany czas czytania\" \/>\n\t<meta name=\"twitter:data1\" content=\"1 minuta\" \/>\n<script type=\"application\/ld+json\" class=\"yoast-schema-graph\">{\"@context\":\"https:\/\/schema.org\",\"@graph\":[{\"@type\":\"WebPage\",\"@id\":\"https:\/\/braincrafting.pl\/index.php\/zespol\/dr-anna-werner-maliszewska\/\",\"url\":\"https:\/\/braincrafting.pl\/index.php\/zespol\/dr-anna-werner-maliszewska\/\",\"name\":\"Dr Anna Werner-Maliszewska | Braincrafting\",\"isPartOf\":{\"@id\":\"https:\/\/braincrafting.pl\/#website\"},\"datePublished\":\"2019-08-16T16:40:16+00:00\",\"dateModified\":\"2022-11-08T15:18:11+00:00\",\"breadcrumb\":{\"@id\":\"https:\/\/braincrafting.pl\/index.php\/zespol\/dr-anna-werner-maliszewska\/#breadcrumb\"},\"inLanguage\":\"pl-PL\",\"potentialAction\":[{\"@type\":\"ReadAction\",\"target\":[\"https:\/\/braincrafting.pl\/index.php\/zespol\/dr-anna-werner-maliszewska\/\"]}]},{\"@type\":\"BreadcrumbList\",\"@id\":\"https:\/\/braincrafting.pl\/index.php\/zespol\/dr-anna-werner-maliszewska\/#breadcrumb\",\"itemListElement\":[{\"@type\":\"ListItem\",\"position\":1,\"name\":\"Strona g\u0142\u00f3wna\",\"item\":\"https:\/\/braincrafting.pl\/\"},{\"@type\":\"ListItem\",\"position\":2,\"name\":\"Interdyscyplinarno\u015b\u0107\",\"item\":\"https:\/\/braincrafting.pl\/index.php\/zespol\/\"},{\"@type\":\"ListItem\",\"position\":3,\"name\":\"Dr Anna Werner-Maliszewska\"}]},{\"@type\":\"WebSite\",\"@id\":\"https:\/\/braincrafting.pl\/#website\",\"url\":\"https:\/\/braincrafting.pl\/\",\"name\":\"braincrafting.pl\",\"description\":\"Budujemy Kapita\u0142 Umys\u0142u ludzi i organizacji\",\"publisher\":{\"@id\":\"https:\/\/braincrafting.pl\/#organization\"},\"potentialAction\":[{\"@type\":\"SearchAction\",\"target\":{\"@type\":\"EntryPoint\",\"urlTemplate\":\"https:\/\/braincrafting.pl\/?s={search_term_string}\"},\"query-input\":\"required name=search_term_string\"}],\"inLanguage\":\"pl-PL\"},{\"@type\":\"Organization\",\"@id\":\"https:\/\/braincrafting.pl\/#organization\",\"name\":\"braincrafting\",\"url\":\"https:\/\/braincrafting.pl\/\",\"logo\":{\"@type\":\"ImageObject\",\"inLanguage\":\"pl-PL\",\"@id\":\"https:\/\/braincrafting.pl\/#\/schema\/logo\/image\/\",\"url\":\"https:\/\/braincrafting.pl\/wp-content\/uploads\/2019\/06\/Logo.png\",\"contentUrl\":\"https:\/\/braincrafting.pl\/wp-content\/uploads\/2019\/06\/Logo.png\",\"width\":124,\"height\":62,\"caption\":\"braincrafting\"},\"image\":{\"@id\":\"https:\/\/braincrafting.pl\/#\/schema\/logo\/image\/\"}}]}<\/script>\n<!-- \/ Yoast SEO plugin. -->","yoast_head_json":{"title":"Dr Anna Werner-Maliszewska | Braincrafting","robots":{"index":"index","follow":"follow","max-snippet":"max-snippet:-1","max-image-preview":"max-image-preview:large","max-video-preview":"max-video-preview:-1"},"canonical":"https:\/\/braincrafting.pl\/index.php\/zespol\/dr-anna-werner-maliszewska\/","og_locale":"pl_PL","og_type":"article","og_title":"Dr Anna Werner-Maliszewska | Braincrafting","og_description":"Doktor psychologii.\u00a0Przewodnicz\u0105ca\u00a0Polskiego Towarzystwa Psychologii Pozytywnej. Trener biznesu.\u00a0Wspiera mened\u017cer\u00f3w\u00a0w rozwijaniu przyw\u00f3dztwa. Trener odporno\u015bci psychicznej MTQ48, trener wspierania rozwoju osobowo\u015bci MBTI Step I. Coach Grupowy i Coach Zespo\u0142\u00f3w Biznesowych. Posiada bogate do\u015bwiadczenie w prowadzeniu trening\u00f3w, szkole\u0144, zar\u00f3wno dla sektora prywatnego, jak i publicznego. W swojej pracy opiera si\u0119 na za\u0142o\u017ceniach psychologii pozytywnej i g\u0142\u00f3wnie specjalizuje si\u0119 w &hellip; Continue reading Dr Anna Werner-Maliszewska","og_url":"https:\/\/braincrafting.pl\/index.php\/zespol\/dr-anna-werner-maliszewska\/","og_site_name":"Braincrafting","article_modified_time":"2022-11-08T15:18:11+00:00","og_image":[{"width":1600,"height":1129,"url":"https:\/\/braincrafting.pl\/wp-content\/uploads\/2019\/08\/bady-qb-VmYZe_yqxL0-unsplash-small-e1566810657139.jpg","type":"image\/jpeg"}],"twitter_card":"summary_large_image","twitter_misc":{"Szacowany czas czytania":"1 minuta"},"schema":{"@context":"https:\/\/schema.org","@graph":[{"@type":"WebPage","@id":"https:\/\/braincrafting.pl\/index.php\/zespol\/dr-anna-werner-maliszewska\/","url":"https:\/\/braincrafting.pl\/index.php\/zespol\/dr-anna-werner-maliszewska\/","name":"Dr Anna Werner-Maliszewska | Braincrafting","isPartOf":{"@id":"https:\/\/braincrafting.pl\/#website"},"datePublished":"2019-08-16T16:40:16+00:00","dateModified":"2022-11-08T15:18:11+00:00","breadcrumb":{"@id":"https:\/\/braincrafting.pl\/index.php\/zespol\/dr-anna-werner-maliszewska\/#breadcrumb"},"inLanguage":"pl-PL","potentialAction":[{"@type":"ReadAction","target":["https:\/\/braincrafting.pl\/index.php\/zespol\/dr-anna-werner-maliszewska\/"]}]},{"@type":"BreadcrumbList","@id":"https:\/\/braincrafting.pl\/index.php\/zespol\/dr-anna-werner-maliszewska\/#breadcrumb","itemListElement":[{"@type":"ListItem","position":1,"name":"Strona g\u0142\u00f3wna","item":"https:\/\/braincrafting.pl\/"},{"@type":"ListItem","position":2,"name":"Interdyscyplinarno\u015b\u0107","item":"https:\/\/braincrafting.pl\/index.php\/zespol\/"},{"@type":"ListItem","position":3,"name":"Dr Anna Werner-Maliszewska"}]},{"@type":"WebSite","@id":"https:\/\/braincrafting.pl\/#website","url":"https:\/\/braincrafting.pl\/","name":"braincrafting.pl","description":"Budujemy Kapita\u0142 Umys\u0142u ludzi i organizacji","publisher":{"@id":"https:\/\/braincrafting.pl\/#organization"},"potentialAction":[{"@type":"SearchAction","target":{"@type":"EntryPoint","urlTemplate":"https:\/\/braincrafting.pl\/?s={search_term_string}"},"query-input":"required name=search_term_string"}],"inLanguage":"pl-PL"},{"@type":"Organization","@id":"https:\/\/braincrafting.pl\/#organization","name":"braincrafting","url":"https:\/\/braincrafting.pl\/","logo":{"@type":"ImageObject","inLanguage":"pl-PL","@id":"https:\/\/braincrafting.pl\/#\/schema\/logo\/image\/","url":"https:\/\/braincrafting.pl\/wp-content\/uploads\/2019\/06\/Logo.png","contentUrl":"https:\/\/braincrafting.pl\/wp-content\/uploads\/2019\/06\/Logo.png","width":124,"height":62,"caption":"braincrafting"},"image":{"@id":"https:\/\/braincrafting.pl\/#\/schema\/logo\/image\/"}}]}},"_links":{"self":[{"href":"https:\/\/braincrafting.pl\/index.php\/wp-json\/wp\/v2\/pages\/3406"}],"collection":[{"href":"https:\/\/braincrafting.pl\/index.php\/wp-json\/wp\/v2\/pages"}],"about":[{"href":"https:\/\/braincrafting.pl\/index.php\/wp-json\/wp\/v2\/types\/page"}],"author":[{"embeddable":true,"href":"https:\/\/braincrafting.pl\/index.php\/wp-json\/wp\/v2\/users\/1"}],"replies":[{"embeddable":true,"href":"https:\/\/braincrafting.pl\/index.php\/wp-json\/wp\/v2\/comments?post=3406"}],"version-history":[{"count":14,"href":"https:\/\/braincrafting.pl\/index.php\/wp-json\/wp\/v2\/pages\/3406\/revisions"}],"predecessor-version":[{"id":4003,"href":"https:\/\/braincrafting.pl\/index.php\/wp-json\/wp\/v2\/pages\/3406\/revisions\/4003"}],"up":[{"embeddable":true,"href":"https:\/\/braincrafting.pl\/index.php\/wp-json\/wp\/v2\/pages\/118"}],"wp:featuredmedia":[{"embeddable":true,"href":"https:\/\/braincrafting.pl\/index.php\/wp-json\/wp\/v2\/media\/3301"}],"wp:attachment":[{"href":"https:\/\/braincrafting.pl\/index.php\/wp-json\/wp\/v2\/media?parent=3406"}],"curies":[{"name":"wp","href":"https:\/\/api.w.org\/{rel}","templated":true}]}}