{"id":3416,"date":"2019-08-16T19:00:17","date_gmt":"2019-08-16T17:00:17","guid":{"rendered":"http:\/\/serwer1956152.home.pl\/autoinstalator\/wordpressplugins\/?page_id=3416"},"modified":"2019-11-28T00:06:23","modified_gmt":"2019-11-27T23:06:23","slug":"jagoda-smolenska","status":"publish","type":"page","link":"https:\/\/braincrafting.pl\/index.php\/zespol\/jagoda-smolenska\/","title":{"rendered":"Jagoda Smole\u0144ska"},"content":{"rendered":"\n<div class=\"is-layout-flex wp-container-3 wp-block-columns has-2-columns\">\n<div class=\"is-layout-flow wp-block-column\">\n<p>Psycholog sportu. Cz\u0142onkini Polskiego\nTowarzystwa Psychologicznego, Sekcji Psychologii Sportu PTP, Zespo\u0142u\nds. Psychologii Komisji Medycznej Polskiego Komitetu Olimpijskiego. \n<\/p>\n\n\n\n<p>Od zawsze mi\u0142o\u015bniczka sportu.\nWyczynowo przez wiele lat zwi\u0105zana z je\u017adziectwem &#8211; Wszechstronny\nKonkurs Konia Wierzchowego. Zdoby\u0142a liczne medale Mistrzostw Polski,\nw latach 2005-2011 zawodniczka Kadry Narodowej. W 2017 roku\nnominowana na psychologa Polskiego Komitetu Olimpijskiego.<\/p>\n\n\n\n<p>W swojej pracy opiera si\u0119 na\nza\u0142o\u017ceniach psychologii pozytywnej. Koncentruje si\u0119 na poprawie\nefektywno\u015bci oraz wzrostu osi\u0105gni\u0119\u0107 wsp\u00f3\u0142pracuj\u0105cych z ni\u0105\nsportowc\u00f3w \u2013 zawodowc\u00f3w i amator\u00f3w. Zwraca uwag\u0119 na zachowanie\nr\u00f3wnowagi mi\u0119dzy sportem (prac\u0105) i \u017cyciem prywatnym zawodnik\u00f3w\noraz rozwojem ich dobrostanu.<\/p>\n<\/div>\n\n\n\n<div class=\"is-layout-flow wp-block-column\">\n<div class=\"wp-block-image\"><figure class=\"aligncenter\"><img decoding=\"async\" loading=\"lazy\" width=\"300\" height=\"439\" src=\"http:\/\/serwer1956152.home.pl\/autoinstalator\/wordpressplugins\/wp-content\/uploads\/2019\/08\/Jagoda_Smolenska_zdj_profilowe.jpg\" alt=\"Jagoda Smole\u0144ska\" class=\"wp-image-3624\" srcset=\"https:\/\/braincrafting.pl\/wp-content\/uploads\/2019\/08\/Jagoda_Smolenska_zdj_profilowe.jpg 300w, https:\/\/braincrafting.pl\/wp-content\/uploads\/2019\/08\/Jagoda_Smolenska_zdj_profilowe-205x300.jpg 205w, https:\/\/braincrafting.pl\/wp-content\/uploads\/2019\/08\/Jagoda_Smolenska_zdj_profilowe-137x200.jpg 137w, https:\/\/braincrafting.pl\/wp-content\/uploads\/2019\/08\/Jagoda_Smolenska_zdj_profilowe-150x220.jpg 150w\" sizes=\"(max-width: 300px) 100vw, 300px\" \/><figcaption> fot. Mariusz Michalski<\/figcaption><\/figure><\/div>\n\n\n\n<p><strong><em>\u201eWszystko, co najlepsze w sporcie amatorskim i zawodowym \u2013 dla innych\u201d<\/em><\/strong><\/p>\n<\/div>\n<\/div>\n\n\n\n<p>Dzi\u0119ki do\u015bwiadczeniu w obszarze HR dog\u0142\u0119bnie zna specyfik\u0119 rynku pracy.  Prowadzi projekty doradcze oraz diagnozy i rozwoju kompetencji  pracownik\u00f3w dla wielu bran\u017c. <\/p>\n\n\n\n<p>Tytu\u0142 magistra psychologii uzyska\u0142a\nna Uniwersytecie Humanistycznospo\u0142ecznym SWPS w Warszawie.\nAbsolwentka studi\u00f3w podyplomowych z Psychologii Sportu Pozytywnego\nna Uniwersytecie Humanistycznospo\u0142ecznym SWPS w Sopocie.<\/p>\n\n\n\n<p style=\"text-align:center\"><a href=\"http:\/\/braincrafting.pl\/index.php\/zespol\/\">Wr\u00f3\u0107 <\/a><\/p>\n","protected":false},"excerpt":{"rendered":"<p>Psycholog sportu. Cz\u0142onkini Polskiego Towarzystwa Psychologicznego, Sekcji Psychologii Sportu PTP, Zespo\u0142u ds. Psychologii Komisji Medycznej Polskiego Komitetu Olimpijskiego. Od zawsze mi\u0142o\u015bniczka sportu. Wyczynowo przez wiele lat zwi\u0105zana z je\u017adziectwem &#8211; Wszechstronny Konkurs Konia Wierzchowego. Zdoby\u0142a liczne medale Mistrzostw Polski, w latach 2005-2011 zawodniczka Kadry Narodowej. W 2017 roku nominowana na psychologa Polskiego Komitetu Olimpijskiego. W &hellip; <a href=\"https:\/\/braincrafting.pl\/index.php\/zespol\/jagoda-smolenska\/\" class=\"more-link\">Continue reading <span class=\"screen-reader-text\">Jagoda Smole\u0144ska<\/span><\/a><\/p>\n","protected":false},"author":1,"featured_media":3301,"parent":118,"menu_order":0,"comment_status":"closed","ping_status":"closed","template":"page-templates\/full-width-page.php","meta":[],"yoast_head":"<!-- This site is optimized with the Yoast SEO plugin v19.9 - https:\/\/yoast.com\/wordpress\/plugins\/seo\/ -->\n<title>Jagoda Smole\u0144ska | Braincrafting<\/title>\n<meta name=\"robots\" content=\"index, follow, max-snippet:-1, max-image-preview:large, max-video-preview:-1\" \/>\n<link rel=\"canonical\" href=\"https:\/\/braincrafting.pl\/index.php\/zespol\/jagoda-smolenska\/\" \/>\n<meta property=\"og:locale\" content=\"pl_PL\" \/>\n<meta property=\"og:type\" content=\"article\" \/>\n<meta property=\"og:title\" content=\"Jagoda Smole\u0144ska | Braincrafting\" \/>\n<meta property=\"og:description\" content=\"Psycholog sportu. Cz\u0142onkini Polskiego Towarzystwa Psychologicznego, Sekcji Psychologii Sportu PTP, Zespo\u0142u ds. Psychologii Komisji Medycznej Polskiego Komitetu Olimpijskiego. Od zawsze mi\u0142o\u015bniczka sportu. Wyczynowo przez wiele lat zwi\u0105zana z je\u017adziectwem &#8211; Wszechstronny Konkurs Konia Wierzchowego. Zdoby\u0142a liczne medale Mistrzostw Polski, w latach 2005-2011 zawodniczka Kadry Narodowej. W 2017 roku nominowana na psychologa Polskiego Komitetu Olimpijskiego. W &hellip; Continue reading Jagoda Smole\u0144ska\" \/>\n<meta property=\"og:url\" content=\"https:\/\/braincrafting.pl\/index.php\/zespol\/jagoda-smolenska\/\" \/>\n<meta property=\"og:site_name\" content=\"Braincrafting\" \/>\n<meta property=\"article:modified_time\" content=\"2019-11-27T23:06:23+00:00\" \/>\n<meta property=\"og:image\" content=\"https:\/\/braincrafting.pl\/wp-content\/uploads\/2019\/08\/bady-qb-VmYZe_yqxL0-unsplash-small-e1566810657139.jpg\" \/>\n\t<meta property=\"og:image:width\" content=\"1600\" \/>\n\t<meta property=\"og:image:height\" content=\"1129\" \/>\n\t<meta property=\"og:image:type\" content=\"image\/jpeg\" \/>\n<meta name=\"twitter:card\" content=\"summary_large_image\" \/>\n<meta name=\"twitter:label1\" content=\"Szacowany czas czytania\" \/>\n\t<meta name=\"twitter:data1\" content=\"1 minuta\" \/>\n<script type=\"application\/ld+json\" class=\"yoast-schema-graph\">{\"@context\":\"https:\/\/schema.org\",\"@graph\":[{\"@type\":\"WebPage\",\"@id\":\"https:\/\/braincrafting.pl\/index.php\/zespol\/jagoda-smolenska\/\",\"url\":\"https:\/\/braincrafting.pl\/index.php\/zespol\/jagoda-smolenska\/\",\"name\":\"Jagoda Smole\u0144ska | Braincrafting\",\"isPartOf\":{\"@id\":\"https:\/\/braincrafting.pl\/#website\"},\"datePublished\":\"2019-08-16T17:00:17+00:00\",\"dateModified\":\"2019-11-27T23:06:23+00:00\",\"breadcrumb\":{\"@id\":\"https:\/\/braincrafting.pl\/index.php\/zespol\/jagoda-smolenska\/#breadcrumb\"},\"inLanguage\":\"pl-PL\",\"potentialAction\":[{\"@type\":\"ReadAction\",\"target\":[\"https:\/\/braincrafting.pl\/index.php\/zespol\/jagoda-smolenska\/\"]}]},{\"@type\":\"BreadcrumbList\",\"@id\":\"https:\/\/braincrafting.pl\/index.php\/zespol\/jagoda-smolenska\/#breadcrumb\",\"itemListElement\":[{\"@type\":\"ListItem\",\"position\":1,\"name\":\"Strona g\u0142\u00f3wna\",\"item\":\"https:\/\/braincrafting.pl\/\"},{\"@type\":\"ListItem\",\"position\":2,\"name\":\"Interdyscyplinarno\u015b\u0107\",\"item\":\"https:\/\/braincrafting.pl\/index.php\/zespol\/\"},{\"@type\":\"ListItem\",\"position\":3,\"name\":\"Jagoda Smole\u0144ska\"}]},{\"@type\":\"WebSite\",\"@id\":\"https:\/\/braincrafting.pl\/#website\",\"url\":\"https:\/\/braincrafting.pl\/\",\"name\":\"braincrafting.pl\",\"description\":\"Budujemy Kapita\u0142 Umys\u0142u ludzi i organizacji\",\"publisher\":{\"@id\":\"https:\/\/braincrafting.pl\/#organization\"},\"potentialAction\":[{\"@type\":\"SearchAction\",\"target\":{\"@type\":\"EntryPoint\",\"urlTemplate\":\"https:\/\/braincrafting.pl\/?s={search_term_string}\"},\"query-input\":\"required name=search_term_string\"}],\"inLanguage\":\"pl-PL\"},{\"@type\":\"Organization\",\"@id\":\"https:\/\/braincrafting.pl\/#organization\",\"name\":\"braincrafting\",\"url\":\"https:\/\/braincrafting.pl\/\",\"logo\":{\"@type\":\"ImageObject\",\"inLanguage\":\"pl-PL\",\"@id\":\"https:\/\/braincrafting.pl\/#\/schema\/logo\/image\/\",\"url\":\"https:\/\/braincrafting.pl\/wp-content\/uploads\/2019\/06\/Logo.png\",\"contentUrl\":\"https:\/\/braincrafting.pl\/wp-content\/uploads\/2019\/06\/Logo.png\",\"width\":124,\"height\":62,\"caption\":\"braincrafting\"},\"image\":{\"@id\":\"https:\/\/braincrafting.pl\/#\/schema\/logo\/image\/\"}}]}<\/script>\n<!-- \/ Yoast SEO plugin. -->","yoast_head_json":{"title":"Jagoda Smole\u0144ska | Braincrafting","robots":{"index":"index","follow":"follow","max-snippet":"max-snippet:-1","max-image-preview":"max-image-preview:large","max-video-preview":"max-video-preview:-1"},"canonical":"https:\/\/braincrafting.pl\/index.php\/zespol\/jagoda-smolenska\/","og_locale":"pl_PL","og_type":"article","og_title":"Jagoda Smole\u0144ska | Braincrafting","og_description":"Psycholog sportu. Cz\u0142onkini Polskiego Towarzystwa Psychologicznego, Sekcji Psychologii Sportu PTP, Zespo\u0142u ds. Psychologii Komisji Medycznej Polskiego Komitetu Olimpijskiego. Od zawsze mi\u0142o\u015bniczka sportu. Wyczynowo przez wiele lat zwi\u0105zana z je\u017adziectwem &#8211; Wszechstronny Konkurs Konia Wierzchowego. Zdoby\u0142a liczne medale Mistrzostw Polski, w latach 2005-2011 zawodniczka Kadry Narodowej. W 2017 roku nominowana na psychologa Polskiego Komitetu Olimpijskiego. W &hellip; Continue reading Jagoda Smole\u0144ska","og_url":"https:\/\/braincrafting.pl\/index.php\/zespol\/jagoda-smolenska\/","og_site_name":"Braincrafting","article_modified_time":"2019-11-27T23:06:23+00:00","og_image":[{"width":1600,"height":1129,"url":"https:\/\/braincrafting.pl\/wp-content\/uploads\/2019\/08\/bady-qb-VmYZe_yqxL0-unsplash-small-e1566810657139.jpg","type":"image\/jpeg"}],"twitter_card":"summary_large_image","twitter_misc":{"Szacowany czas czytania":"1 minuta"},"schema":{"@context":"https:\/\/schema.org","@graph":[{"@type":"WebPage","@id":"https:\/\/braincrafting.pl\/index.php\/zespol\/jagoda-smolenska\/","url":"https:\/\/braincrafting.pl\/index.php\/zespol\/jagoda-smolenska\/","name":"Jagoda Smole\u0144ska | Braincrafting","isPartOf":{"@id":"https:\/\/braincrafting.pl\/#website"},"datePublished":"2019-08-16T17:00:17+00:00","dateModified":"2019-11-27T23:06:23+00:00","breadcrumb":{"@id":"https:\/\/braincrafting.pl\/index.php\/zespol\/jagoda-smolenska\/#breadcrumb"},"inLanguage":"pl-PL","potentialAction":[{"@type":"ReadAction","target":["https:\/\/braincrafting.pl\/index.php\/zespol\/jagoda-smolenska\/"]}]},{"@type":"BreadcrumbList","@id":"https:\/\/braincrafting.pl\/index.php\/zespol\/jagoda-smolenska\/#breadcrumb","itemListElement":[{"@type":"ListItem","position":1,"name":"Strona g\u0142\u00f3wna","item":"https:\/\/braincrafting.pl\/"},{"@type":"ListItem","position":2,"name":"Interdyscyplinarno\u015b\u0107","item":"https:\/\/braincrafting.pl\/index.php\/zespol\/"},{"@type":"ListItem","position":3,"name":"Jagoda Smole\u0144ska"}]},{"@type":"WebSite","@id":"https:\/\/braincrafting.pl\/#website","url":"https:\/\/braincrafting.pl\/","name":"braincrafting.pl","description":"Budujemy Kapita\u0142 Umys\u0142u ludzi i organizacji","publisher":{"@id":"https:\/\/braincrafting.pl\/#organization"},"potentialAction":[{"@type":"SearchAction","target":{"@type":"EntryPoint","urlTemplate":"https:\/\/braincrafting.pl\/?s={search_term_string}"},"query-input":"required name=search_term_string"}],"inLanguage":"pl-PL"},{"@type":"Organization","@id":"https:\/\/braincrafting.pl\/#organization","name":"braincrafting","url":"https:\/\/braincrafting.pl\/","logo":{"@type":"ImageObject","inLanguage":"pl-PL","@id":"https:\/\/braincrafting.pl\/#\/schema\/logo\/image\/","url":"https:\/\/braincrafting.pl\/wp-content\/uploads\/2019\/06\/Logo.png","contentUrl":"https:\/\/braincrafting.pl\/wp-content\/uploads\/2019\/06\/Logo.png","width":124,"height":62,"caption":"braincrafting"},"image":{"@id":"https:\/\/braincrafting.pl\/#\/schema\/logo\/image\/"}}]}},"_links":{"self":[{"href":"https:\/\/braincrafting.pl\/index.php\/wp-json\/wp\/v2\/pages\/3416"}],"collection":[{"href":"https:\/\/braincrafting.pl\/index.php\/wp-json\/wp\/v2\/pages"}],"about":[{"href":"https:\/\/braincrafting.pl\/index.php\/wp-json\/wp\/v2\/types\/page"}],"author":[{"embeddable":true,"href":"https:\/\/braincrafting.pl\/index.php\/wp-json\/wp\/v2\/users\/1"}],"replies":[{"embeddable":true,"href":"https:\/\/braincrafting.pl\/index.php\/wp-json\/wp\/v2\/comments?post=3416"}],"version-history":[{"count":10,"href":"https:\/\/braincrafting.pl\/index.php\/wp-json\/wp\/v2\/pages\/3416\/revisions"}],"predecessor-version":[{"id":3967,"href":"https:\/\/braincrafting.pl\/index.php\/wp-json\/wp\/v2\/pages\/3416\/revisions\/3967"}],"up":[{"embeddable":true,"href":"https:\/\/braincrafting.pl\/index.php\/wp-json\/wp\/v2\/pages\/118"}],"wp:featuredmedia":[{"embeddable":true,"href":"https:\/\/braincrafting.pl\/index.php\/wp-json\/wp\/v2\/media\/3301"}],"wp:attachment":[{"href":"https:\/\/braincrafting.pl\/index.php\/wp-json\/wp\/v2\/media?parent=3416"}],"curies":[{"name":"wp","href":"https:\/\/api.w.org\/{rel}","templated":true}]}}