{"id":3752,"date":"2019-08-23T16:07:29","date_gmt":"2019-08-23T14:07:29","guid":{"rendered":"http:\/\/serwer1956152.home.pl\/autoinstalator\/wordpressplugins\/?page_id=3752"},"modified":"2019-08-26T09:46:43","modified_gmt":"2019-08-26T07:46:43","slug":"psychologia-pozytywna","status":"publish","type":"page","link":"https:\/\/braincrafting.pl\/index.php\/psychologia-pozytywna\/","title":{"rendered":"Psychologia pozytywna"},"content":{"rendered":"\n<div class=\"wp-block-image\"><figure class=\"aligncenter is-resized\"><img decoding=\"async\" loading=\"lazy\" src=\"http:\/\/serwer1956152.home.pl\/autoinstalator\/wordpressplugins\/wp-content\/uploads\/2019\/08\/Psychologia_pozytywna2.jpg\" alt=\"M\u0142ody m\u0119\u017cczyzna w czerwonych butach\" class=\"wp-image-3813\" width=\"370\" height=\"773\" srcset=\"https:\/\/braincrafting.pl\/wp-content\/uploads\/2019\/08\/Psychologia_pozytywna2.jpg 370w, https:\/\/braincrafting.pl\/wp-content\/uploads\/2019\/08\/Psychologia_pozytywna2-144x300.jpg 144w, https:\/\/braincrafting.pl\/wp-content\/uploads\/2019\/08\/Psychologia_pozytywna2-96x200.jpg 96w, https:\/\/braincrafting.pl\/wp-content\/uploads\/2019\/08\/Psychologia_pozytywna2-150x313.jpg 150w, https:\/\/braincrafting.pl\/wp-content\/uploads\/2019\/08\/Psychologia_pozytywna2-322x673.jpg 322w\" sizes=\"(max-width: 370px) 100vw, 370px\" \/><\/figure><\/div>\n","protected":false},"excerpt":{"rendered":"","protected":false},"author":1,"featured_media":0,"parent":0,"menu_order":0,"comment_status":"closed","ping_status":"closed","template":"","meta":[],"yoast_head":"<!-- This site is optimized with the Yoast SEO plugin v19.9 - https:\/\/yoast.com\/wordpress\/plugins\/seo\/ -->\n<title>Psychologia pozytywna | Braincrafting<\/title>\n<meta name=\"robots\" content=\"index, follow, max-snippet:-1, max-image-preview:large, max-video-preview:-1\" \/>\n<link rel=\"canonical\" href=\"https:\/\/braincrafting.pl\/index.php\/psychologia-pozytywna\/\" \/>\n<meta property=\"og:locale\" content=\"pl_PL\" \/>\n<meta property=\"og:type\" content=\"article\" \/>\n<meta property=\"og:title\" content=\"Psychologia pozytywna | Braincrafting\" \/>\n<meta property=\"og:url\" content=\"https:\/\/braincrafting.pl\/index.php\/psychologia-pozytywna\/\" \/>\n<meta property=\"og:site_name\" content=\"Braincrafting\" \/>\n<meta property=\"article:modified_time\" content=\"2019-08-26T07:46:43+00:00\" \/>\n<meta property=\"og:image\" content=\"http:\/\/serwer1956152.home.pl\/autoinstalator\/wordpressplugins\/wp-content\/uploads\/2019\/08\/Psychologia_pozytywna2.jpg\" \/>\n<meta name=\"twitter:card\" content=\"summary_large_image\" \/>\n<script type=\"application\/ld+json\" class=\"yoast-schema-graph\">{\"@context\":\"https:\/\/schema.org\",\"@graph\":[{\"@type\":\"WebPage\",\"@id\":\"https:\/\/braincrafting.pl\/index.php\/psychologia-pozytywna\/\",\"url\":\"https:\/\/braincrafting.pl\/index.php\/psychologia-pozytywna\/\",\"name\":\"Psychologia pozytywna | Braincrafting\",\"isPartOf\":{\"@id\":\"https:\/\/braincrafting.pl\/#website\"},\"datePublished\":\"2019-08-23T14:07:29+00:00\",\"dateModified\":\"2019-08-26T07:46:43+00:00\",\"breadcrumb\":{\"@id\":\"https:\/\/braincrafting.pl\/index.php\/psychologia-pozytywna\/#breadcrumb\"},\"inLanguage\":\"pl-PL\",\"potentialAction\":[{\"@type\":\"ReadAction\",\"target\":[\"https:\/\/braincrafting.pl\/index.php\/psychologia-pozytywna\/\"]}]},{\"@type\":\"BreadcrumbList\",\"@id\":\"https:\/\/braincrafting.pl\/index.php\/psychologia-pozytywna\/#breadcrumb\",\"itemListElement\":[{\"@type\":\"ListItem\",\"position\":1,\"name\":\"Strona g\u0142\u00f3wna\",\"item\":\"https:\/\/braincrafting.pl\/\"},{\"@type\":\"ListItem\",\"position\":2,\"name\":\"Psychologia pozytywna\"}]},{\"@type\":\"WebSite\",\"@id\":\"https:\/\/braincrafting.pl\/#website\",\"url\":\"https:\/\/braincrafting.pl\/\",\"name\":\"braincrafting.pl\",\"description\":\"Budujemy Kapita\u0142 Umys\u0142u ludzi i organizacji\",\"publisher\":{\"@id\":\"https:\/\/braincrafting.pl\/#organization\"},\"potentialAction\":[{\"@type\":\"SearchAction\",\"target\":{\"@type\":\"EntryPoint\",\"urlTemplate\":\"https:\/\/braincrafting.pl\/?s={search_term_string}\"},\"query-input\":\"required name=search_term_string\"}],\"inLanguage\":\"pl-PL\"},{\"@type\":\"Organization\",\"@id\":\"https:\/\/braincrafting.pl\/#organization\",\"name\":\"braincrafting\",\"url\":\"https:\/\/braincrafting.pl\/\",\"logo\":{\"@type\":\"ImageObject\",\"inLanguage\":\"pl-PL\",\"@id\":\"https:\/\/braincrafting.pl\/#\/schema\/logo\/image\/\",\"url\":\"https:\/\/braincrafting.pl\/wp-content\/uploads\/2019\/06\/Logo.png\",\"contentUrl\":\"https:\/\/braincrafting.pl\/wp-content\/uploads\/2019\/06\/Logo.png\",\"width\":124,\"height\":62,\"caption\":\"braincrafting\"},\"image\":{\"@id\":\"https:\/\/braincrafting.pl\/#\/schema\/logo\/image\/\"}}]}<\/script>\n<!-- \/ Yoast SEO plugin. -->","yoast_head_json":{"title":"Psychologia pozytywna | Braincrafting","robots":{"index":"index","follow":"follow","max-snippet":"max-snippet:-1","max-image-preview":"max-image-preview:large","max-video-preview":"max-video-preview:-1"},"canonical":"https:\/\/braincrafting.pl\/index.php\/psychologia-pozytywna\/","og_locale":"pl_PL","og_type":"article","og_title":"Psychologia pozytywna | Braincrafting","og_url":"https:\/\/braincrafting.pl\/index.php\/psychologia-pozytywna\/","og_site_name":"Braincrafting","article_modified_time":"2019-08-26T07:46:43+00:00","og_image":[{"url":"http:\/\/serwer1956152.home.pl\/autoinstalator\/wordpressplugins\/wp-content\/uploads\/2019\/08\/Psychologia_pozytywna2.jpg"}],"twitter_card":"summary_large_image","schema":{"@context":"https:\/\/schema.org","@graph":[{"@type":"WebPage","@id":"https:\/\/braincrafting.pl\/index.php\/psychologia-pozytywna\/","url":"https:\/\/braincrafting.pl\/index.php\/psychologia-pozytywna\/","name":"Psychologia pozytywna | Braincrafting","isPartOf":{"@id":"https:\/\/braincrafting.pl\/#website"},"datePublished":"2019-08-23T14:07:29+00:00","dateModified":"2019-08-26T07:46:43+00:00","breadcrumb":{"@id":"https:\/\/braincrafting.pl\/index.php\/psychologia-pozytywna\/#breadcrumb"},"inLanguage":"pl-PL","potentialAction":[{"@type":"ReadAction","target":["https:\/\/braincrafting.pl\/index.php\/psychologia-pozytywna\/"]}]},{"@type":"BreadcrumbList","@id":"https:\/\/braincrafting.pl\/index.php\/psychologia-pozytywna\/#breadcrumb","itemListElement":[{"@type":"ListItem","position":1,"name":"Strona g\u0142\u00f3wna","item":"https:\/\/braincrafting.pl\/"},{"@type":"ListItem","position":2,"name":"Psychologia pozytywna"}]},{"@type":"WebSite","@id":"https:\/\/braincrafting.pl\/#website","url":"https:\/\/braincrafting.pl\/","name":"braincrafting.pl","description":"Budujemy Kapita\u0142 Umys\u0142u ludzi i organizacji","publisher":{"@id":"https:\/\/braincrafting.pl\/#organization"},"potentialAction":[{"@type":"SearchAction","target":{"@type":"EntryPoint","urlTemplate":"https:\/\/braincrafting.pl\/?s={search_term_string}"},"query-input":"required name=search_term_string"}],"inLanguage":"pl-PL"},{"@type":"Organization","@id":"https:\/\/braincrafting.pl\/#organization","name":"braincrafting","url":"https:\/\/braincrafting.pl\/","logo":{"@type":"ImageObject","inLanguage":"pl-PL","@id":"https:\/\/braincrafting.pl\/#\/schema\/logo\/image\/","url":"https:\/\/braincrafting.pl\/wp-content\/uploads\/2019\/06\/Logo.png","contentUrl":"https:\/\/braincrafting.pl\/wp-content\/uploads\/2019\/06\/Logo.png","width":124,"height":62,"caption":"braincrafting"},"image":{"@id":"https:\/\/braincrafting.pl\/#\/schema\/logo\/image\/"}}]}},"_links":{"self":[{"href":"https:\/\/braincrafting.pl\/index.php\/wp-json\/wp\/v2\/pages\/3752"}],"collection":[{"href":"https:\/\/braincrafting.pl\/index.php\/wp-json\/wp\/v2\/pages"}],"about":[{"href":"https:\/\/braincrafting.pl\/index.php\/wp-json\/wp\/v2\/types\/page"}],"author":[{"embeddable":true,"href":"https:\/\/braincrafting.pl\/index.php\/wp-json\/wp\/v2\/users\/1"}],"replies":[{"embeddable":true,"href":"https:\/\/braincrafting.pl\/index.php\/wp-json\/wp\/v2\/comments?post=3752"}],"version-history":[{"count":6,"href":"https:\/\/braincrafting.pl\/index.php\/wp-json\/wp\/v2\/pages\/3752\/revisions"}],"predecessor-version":[{"id":3848,"href":"https:\/\/braincrafting.pl\/index.php\/wp-json\/wp\/v2\/pages\/3752\/revisions\/3848"}],"wp:attachment":[{"href":"https:\/\/braincrafting.pl\/index.php\/wp-json\/wp\/v2\/media?parent=3752"}],"curies":[{"name":"wp","href":"https:\/\/api.w.org\/{rel}","templated":true}]}}